{"id":4086,"date":"2025-02-04T10:10:21","date_gmt":"2025-02-04T09:10:21","guid":{"rendered":"https:\/\/deltronic.se\/en\/?post_type=product&#038;p=4086"},"modified":"2025-11-18T13:49:38","modified_gmt":"2025-11-18T12:49:38","slug":"deltronic-ds105-smokealarm-burglaralarm","status":"publish","type":"product","link":"https:\/\/deltronic.se\/en\/produkt\/deltronic-ds105-smokealarm-burglaralarm\/","title":{"rendered":"Deltronic DS105 Smoke alarm\/Burglary alarm"},"content":{"rendered":"<p>Small optical travel smoke alarm with burglary function. Specially developed for temporary use in e.g. hotel room, cabins, tents, caravan. boats, RV etc.<\/p>\n<p>The travel alarm is also equipped with a burglary function: A spring-loaded plate that you easily place between the door leaf and door frame or between the window and window lining. You can also use the DS105 as a luggage alarm.<\/p>\n<p>The smoke alarm has many mounting options to facilitate quick installation when you are traveling. All accessories and the alarm itself come with a stylish and practical fabric bag that makes transport easier.<\/p>\n<p>The smoke alarm can be mounted with screws &amp; plugs, double-sided tape, magnet against magnetic surfaces or against the included mounting angle that easily finds its place in narrow gaps behind moldings and the like. If this is not enough, you can also use the strap around the alarm to grip around vertical surfaces.<\/p>\n<p>&nbsp;<\/p>\n","protected":false},"excerpt":{"rendered":"<p>Small optical travel smoke alarm with burglary function. Specially developed for temporary use in e.g. hotel room, cabins, tents, caravan. boats, RV etc. The travel alarm is also equipped with a burglary function: A spring-loaded plate that you easily place between the door leaf and door frame or between the window and window lining. You [&hellip;]<\/p>\n","protected":false},"featured_media":3968,"template":"","meta":[],"varumarke":[],"product_brand":[],"product_cat":[76,78],"product_tag":[],"class_list":{"0":"post-4086","1":"product","2":"type-product","3":"status-publish","4":"has-post-thumbnail","6":"product_cat-fire-alarms","7":"product_cat-fristaende_brand","9":"first","10":"instock","11":"taxable","12":"shipping-taxable","13":"purchasable","14":"product-type-simple"},"yoast_head":"<!-- This site is optimized with the Yoast SEO Premium plugin v25.8 (Yoast SEO v25.8) - https:\/\/yoast.com\/wordpress\/plugins\/seo\/ -->\n<title>Deltronic DS105 Smoke alarm\/Burglary alarm - Deltronic English<\/title>\n<meta name=\"robots\" content=\"index, follow, max-snippet:-1, max-image-preview:large, max-video-preview:-1\" \/>\n<link rel=\"canonical\" href=\"https:\/\/deltronic.se\/en\/produkt\/deltronic-ds105-smokealarm-burglaralarm\/\" \/>\n<meta property=\"og:locale\" content=\"en_US\" \/>\n<meta property=\"og:type\" content=\"article\" \/>\n<meta property=\"og:title\" content=\"Deltronic DS105 Smoke alarm\/Burglary alarm\" \/>\n<meta property=\"og:description\" content=\"Small optical travel smoke alarm with burglary function. Specially developed for temporary use in e.g. hotel room, cabins, tents, caravan. boats, RV etc. The travel alarm is also equipped with a burglary function: A spring-loaded plate that you easily place between the door leaf and door frame or between the window and window lining. You [&hellip;]\" \/>\n<meta property=\"og:url\" content=\"https:\/\/deltronic.se\/en\/produkt\/deltronic-ds105-smokealarm-burglaralarm\/\" \/>\n<meta property=\"og:site_name\" content=\"Deltronic English\" \/>\n<meta property=\"article:modified_time\" content=\"2025-11-18T12:49:38+00:00\" \/>\n<meta property=\"og:image\" content=\"https:\/\/deltronic.se\/en\/wp-content\/uploads\/sites\/5\/2024\/11\/travel-alarm_1200x1200_13.png\" \/>\n\t<meta property=\"og:image:width\" content=\"1132\" \/>\n\t<meta property=\"og:image:height\" content=\"1200\" \/>\n\t<meta property=\"og:image:type\" content=\"image\/png\" \/>\n<meta name=\"twitter:card\" content=\"summary_large_image\" \/>\n<meta name=\"twitter:label1\" content=\"Price\" \/>\n\t<meta name=\"twitter:data1\" content=\"359,20&nbsp;&#107;&#114;\" \/>\n\t<meta name=\"twitter:label2\" content=\"Availability\" \/>\n\t<meta name=\"twitter:data2\" content=\"In stock\" \/>\n<script type=\"application\/ld+json\" class=\"yoast-schema-graph\">{\"@context\":\"https:\/\/schema.org\",\"@graph\":[{\"@type\":\"WebPage\",\"@id\":\"https:\/\/deltronic.se\/en\/produkt\/deltronic-ds105-smokealarm-burglaralarm\/\",\"url\":\"https:\/\/deltronic.se\/en\/produkt\/deltronic-ds105-smokealarm-burglaralarm\/\",\"name\":\"Deltronic DS105 Smoke alarm\/Burglary alarm - Deltronic English\",\"isPartOf\":{\"@id\":\"https:\/\/deltronic.se\/en\/#website\"},\"primaryImageOfPage\":{\"@id\":\"https:\/\/deltronic.se\/en\/produkt\/deltronic-ds105-smokealarm-burglaralarm\/#primaryimage\"},\"image\":{\"@id\":\"https:\/\/deltronic.se\/en\/produkt\/deltronic-ds105-smokealarm-burglaralarm\/#primaryimage\"},\"thumbnailUrl\":\"https:\/\/deltronic.se\/en\/wp-content\/uploads\/sites\/5\/2024\/11\/travel-alarm_1200x1200_13.png\",\"datePublished\":\"2025-02-04T09:10:21+00:00\",\"dateModified\":\"2025-11-18T12:49:38+00:00\",\"breadcrumb\":{\"@id\":\"https:\/\/deltronic.se\/en\/produkt\/deltronic-ds105-smokealarm-burglaralarm\/#breadcrumb\"},\"inLanguage\":\"en-US\",\"potentialAction\":[{\"@type\":\"ReadAction\",\"target\":[\"https:\/\/deltronic.se\/en\/produkt\/deltronic-ds105-smokealarm-burglaralarm\/\"]}]},{\"@type\":\"ImageObject\",\"inLanguage\":\"en-US\",\"@id\":\"https:\/\/deltronic.se\/en\/produkt\/deltronic-ds105-smokealarm-burglaralarm\/#primaryimage\",\"url\":\"https:\/\/deltronic.se\/en\/wp-content\/uploads\/sites\/5\/2024\/11\/travel-alarm_1200x1200_13.png\",\"contentUrl\":\"https:\/\/deltronic.se\/en\/wp-content\/uploads\/sites\/5\/2024\/11\/travel-alarm_1200x1200_13.png\",\"width\":1132,\"height\":1200,\"caption\":\"N\u00e4rbild p\u00e5 ovansida av reselarm med testknapp och de batterier som ing\u00e5r i produkten\"},{\"@type\":\"BreadcrumbList\",\"@id\":\"https:\/\/deltronic.se\/en\/produkt\/deltronic-ds105-smokealarm-burglaralarm\/#breadcrumb\",\"itemListElement\":[{\"@type\":\"ListItem\",\"position\":1,\"name\":\"Home\",\"item\":\"https:\/\/deltronic.se\/en\/\"},{\"@type\":\"ListItem\",\"position\":2,\"name\":\"Shop\",\"item\":\"https:\/\/deltronic.se\/en\/shop\/\"},{\"@type\":\"ListItem\",\"position\":3,\"name\":\"Deltronic DS105 Smoke alarm\/Burglary alarm\"}]},{\"@type\":\"WebSite\",\"@id\":\"https:\/\/deltronic.se\/en\/#website\",\"url\":\"https:\/\/deltronic.se\/en\/\",\"name\":\"Deltronic English\",\"description\":\"\",\"potentialAction\":[{\"@type\":\"SearchAction\",\"target\":{\"@type\":\"EntryPoint\",\"urlTemplate\":\"https:\/\/deltronic.se\/en\/?s={search_term_string}\"},\"query-input\":{\"@type\":\"PropertyValueSpecification\",\"valueRequired\":true,\"valueName\":\"search_term_string\"}}],\"inLanguage\":\"en-US\"}]}<\/script>\n<meta property=\"product:price:amount\" content=\"359.20\" \/>\n<meta property=\"product:price:currency\" content=\"SEK\" \/>\n<meta property=\"og:availability\" content=\"instock\" \/>\n<meta property=\"product:availability\" content=\"instock\" \/>\n<meta property=\"product:retailer_item_id\" content=\"10156\" \/>\n<meta property=\"product:condition\" content=\"new\" \/>\n<!-- \/ Yoast SEO Premium plugin. -->","yoast_head_json":{"title":"Deltronic DS105 Smoke alarm\/Burglary alarm - Deltronic English","robots":{"index":"index","follow":"follow","max-snippet":"max-snippet:-1","max-image-preview":"max-image-preview:large","max-video-preview":"max-video-preview:-1"},"canonical":"https:\/\/deltronic.se\/en\/produkt\/deltronic-ds105-smokealarm-burglaralarm\/","og_locale":"en_US","og_type":"article","og_title":"Deltronic DS105 Smoke alarm\/Burglary alarm","og_description":"Small optical travel smoke alarm with burglary function. Specially developed for temporary use in e.g. hotel room, cabins, tents, caravan. boats, RV etc. The travel alarm is also equipped with a burglary function: A spring-loaded plate that you easily place between the door leaf and door frame or between the window and window lining. You [&hellip;]","og_url":"https:\/\/deltronic.se\/en\/produkt\/deltronic-ds105-smokealarm-burglaralarm\/","og_site_name":"Deltronic English","article_modified_time":"2025-11-18T12:49:38+00:00","og_image":[{"width":1132,"height":1200,"url":"https:\/\/deltronic.se\/en\/wp-content\/uploads\/sites\/5\/2024\/11\/travel-alarm_1200x1200_13.png","type":"image\/png"}],"twitter_card":"summary_large_image","twitter_misc":{"Price":"359,20&nbsp;&#107;&#114;","Availability":"In stock"},"schema":{"@context":"https:\/\/schema.org","@graph":[{"@type":"WebPage","@id":"https:\/\/deltronic.se\/en\/produkt\/deltronic-ds105-smokealarm-burglaralarm\/","url":"https:\/\/deltronic.se\/en\/produkt\/deltronic-ds105-smokealarm-burglaralarm\/","name":"Deltronic DS105 Smoke alarm\/Burglary alarm - Deltronic English","isPartOf":{"@id":"https:\/\/deltronic.se\/en\/#website"},"primaryImageOfPage":{"@id":"https:\/\/deltronic.se\/en\/produkt\/deltronic-ds105-smokealarm-burglaralarm\/#primaryimage"},"image":{"@id":"https:\/\/deltronic.se\/en\/produkt\/deltronic-ds105-smokealarm-burglaralarm\/#primaryimage"},"thumbnailUrl":"https:\/\/deltronic.se\/en\/wp-content\/uploads\/sites\/5\/2024\/11\/travel-alarm_1200x1200_13.png","datePublished":"2025-02-04T09:10:21+00:00","dateModified":"2025-11-18T12:49:38+00:00","breadcrumb":{"@id":"https:\/\/deltronic.se\/en\/produkt\/deltronic-ds105-smokealarm-burglaralarm\/#breadcrumb"},"inLanguage":"en-US","potentialAction":[{"@type":"ReadAction","target":["https:\/\/deltronic.se\/en\/produkt\/deltronic-ds105-smokealarm-burglaralarm\/"]}]},{"@type":"ImageObject","inLanguage":"en-US","@id":"https:\/\/deltronic.se\/en\/produkt\/deltronic-ds105-smokealarm-burglaralarm\/#primaryimage","url":"https:\/\/deltronic.se\/en\/wp-content\/uploads\/sites\/5\/2024\/11\/travel-alarm_1200x1200_13.png","contentUrl":"https:\/\/deltronic.se\/en\/wp-content\/uploads\/sites\/5\/2024\/11\/travel-alarm_1200x1200_13.png","width":1132,"height":1200,"caption":"N\u00e4rbild p\u00e5 ovansida av reselarm med testknapp och de batterier som ing\u00e5r i produkten"},{"@type":"BreadcrumbList","@id":"https:\/\/deltronic.se\/en\/produkt\/deltronic-ds105-smokealarm-burglaralarm\/#breadcrumb","itemListElement":[{"@type":"ListItem","position":1,"name":"Home","item":"https:\/\/deltronic.se\/en\/"},{"@type":"ListItem","position":2,"name":"Shop","item":"https:\/\/deltronic.se\/en\/shop\/"},{"@type":"ListItem","position":3,"name":"Deltronic DS105 Smoke alarm\/Burglary alarm"}]},{"@type":"WebSite","@id":"https:\/\/deltronic.se\/en\/#website","url":"https:\/\/deltronic.se\/en\/","name":"Deltronic English","description":"","potentialAction":[{"@type":"SearchAction","target":{"@type":"EntryPoint","urlTemplate":"https:\/\/deltronic.se\/en\/?s={search_term_string}"},"query-input":{"@type":"PropertyValueSpecification","valueRequired":true,"valueName":"search_term_string"}}],"inLanguage":"en-US"}]},"product_price_amount":"359.20","product_price_currency":"SEK","og_availability":"instock","product_availability":"instock","product_retailer_item_id":"10156","product_condition":"new"},"_links":{"self":[{"href":"https:\/\/deltronic.se\/en\/wp-json\/wp\/v2\/product\/4086","targetHints":{"allow":["GET"]}}],"collection":[{"href":"https:\/\/deltronic.se\/en\/wp-json\/wp\/v2\/product"}],"about":[{"href":"https:\/\/deltronic.se\/en\/wp-json\/wp\/v2\/types\/product"}],"wp:featuredmedia":[{"embeddable":true,"href":"https:\/\/deltronic.se\/en\/wp-json\/wp\/v2\/media\/3968"}],"wp:attachment":[{"href":"https:\/\/deltronic.se\/en\/wp-json\/wp\/v2\/media?parent=4086"}],"wp:term":[{"taxonomy":"varumarke","embeddable":true,"href":"https:\/\/deltronic.se\/en\/wp-json\/wp\/v2\/varumarke?post=4086"},{"taxonomy":"product_brand","embeddable":true,"href":"https:\/\/deltronic.se\/en\/wp-json\/wp\/v2\/product_brand?post=4086"},{"taxonomy":"product_cat","embeddable":true,"href":"https:\/\/deltronic.se\/en\/wp-json\/wp\/v2\/product_cat?post=4086"},{"taxonomy":"product_tag","embeddable":true,"href":"https:\/\/deltronic.se\/en\/wp-json\/wp\/v2\/product_tag?post=4086"}],"curies":[{"name":"wp","href":"https:\/\/api.w.org\/{rel}","templated":true}]}}