{"id":2194,"date":"2024-01-04T11:40:18","date_gmt":"2024-01-04T10:40:18","guid":{"rendered":"https:\/\/deltronic.se\/?post_type=product&#038;p=2194"},"modified":"2025-05-23T14:54:24","modified_gmt":"2025-05-23T12:54:24","slug":"brandfilt-120x180-hard-silikon","status":"publish","type":"product","link":"https:\/\/deltronic.se\/en\/produkt\/brandfilt-120x180-hard-silikon\/","title":{"rendered":"Fire blanket 120&#215;180 hard case silicon"},"content":{"rendered":"<p>Fire blanket 120&#215;180 hard case silicon. An easy to use, efficient, clean and fast-extinguishing aid. Indispensable in all homes, premises and other areas where there is a fire hazard. Very simple operation, works by suffocating the fire when the oxygen supply stops. Indispensable in all homes, facilities and other compartments where there is a fire hazard. Very simple operation, works by choking the fire when oxygen supply ceases.<\/p>\n<p>Made of soft and flexible fiberglass fabric, coated with silicone, which withstands temperatures up to 500 \u00b0C. The packaging is easily opened at the bottom when needed, by pulling the black stripes.<\/p>\n<p>&nbsp;<\/p>\n<p>&nbsp;<\/p>\n<p>&nbsp;<\/p>\n","protected":false},"excerpt":{"rendered":"<p>Fire blanket 120&#215;180 hard case silicon. An easy to use, efficient, clean and fast-extinguishing aid. Indispensable in all homes, premises and other areas where there is a fire hazard. Very simple operation, works by suffocating the fire when the oxygen supply stops. Indispensable in all homes, facilities and other compartments where there is a fire [&hellip;]<\/p>\n","protected":false},"featured_media":2524,"template":"","meta":[],"varumarke":[],"product_brand":[],"product_cat":[84],"product_tag":[],"class_list":{"0":"post-2194","1":"product","2":"type-product","3":"status-publish","4":"has-post-thumbnail","6":"product_cat-fire-blankets","8":"first","9":"instock","10":"taxable","11":"shipping-taxable","12":"purchasable","13":"product-type-simple"},"yoast_head":"<!-- This site is optimized with the Yoast SEO Premium plugin v25.8 (Yoast SEO v25.8) - https:\/\/yoast.com\/wordpress\/plugins\/seo\/ -->\n<title>Fire blanket 120x180 hard case silicon - Deltronic English<\/title>\n<meta name=\"description\" content=\"Fire blanket 120x180 hard case silicon. Fire blankets are usually used for putting out small fires in or around the kitchen\" \/>\n<meta name=\"robots\" content=\"index, follow, max-snippet:-1, max-image-preview:large, max-video-preview:-1\" \/>\n<link rel=\"canonical\" href=\"https:\/\/deltronic.se\/en\/produkt\/brandfilt-120x180-hard-silikon\/\" \/>\n<meta property=\"og:locale\" content=\"en_US\" \/>\n<meta property=\"og:type\" content=\"article\" \/>\n<meta property=\"og:title\" content=\"Fire blanket 120x180 hard case silicon\" \/>\n<meta property=\"og:description\" content=\"Fire blanket 120x180 hard case silicon. Fire blankets are usually used for putting out small fires in or around the kitchen\" \/>\n<meta property=\"og:url\" content=\"https:\/\/deltronic.se\/en\/produkt\/brandfilt-120x180-hard-silikon\/\" \/>\n<meta property=\"og:site_name\" content=\"Deltronic English\" \/>\n<meta property=\"article:modified_time\" content=\"2025-05-23T12:54:24+00:00\" \/>\n<meta property=\"og:image\" content=\"https:\/\/deltronic.se\/en\/wp-content\/uploads\/sites\/5\/2024\/01\/F1218HS1.png\" \/>\n\t<meta property=\"og:image:width\" content=\"738\" \/>\n\t<meta property=\"og:image:height\" content=\"1200\" \/>\n\t<meta property=\"og:image:type\" content=\"image\/png\" \/>\n<meta name=\"twitter:card\" content=\"summary_large_image\" \/>\n<meta name=\"twitter:label1\" content=\"Price\" \/>\n\t<meta name=\"twitter:data1\" content=\"139&nbsp;&#107;&#114;\" \/>\n\t<meta name=\"twitter:label2\" content=\"Availability\" \/>\n\t<meta name=\"twitter:data2\" content=\"In stock\" \/>\n<script type=\"application\/ld+json\" class=\"yoast-schema-graph\">{\"@context\":\"https:\/\/schema.org\",\"@graph\":[{\"@type\":\"WebPage\",\"@id\":\"https:\/\/deltronic.se\/en\/produkt\/brandfilt-120x180-hard-silikon\/\",\"url\":\"https:\/\/deltronic.se\/en\/produkt\/brandfilt-120x180-hard-silikon\/\",\"name\":\"Fire blanket 120x180 hard case silicon - Deltronic English\",\"isPartOf\":{\"@id\":\"https:\/\/deltronic.se\/en\/#website\"},\"primaryImageOfPage\":{\"@id\":\"https:\/\/deltronic.se\/en\/produkt\/brandfilt-120x180-hard-silikon\/#primaryimage\"},\"image\":{\"@id\":\"https:\/\/deltronic.se\/en\/produkt\/brandfilt-120x180-hard-silikon\/#primaryimage\"},\"thumbnailUrl\":\"https:\/\/deltronic.se\/en\/wp-content\/uploads\/sites\/5\/2024\/01\/F1218HS1.png\",\"datePublished\":\"2024-01-04T10:40:18+00:00\",\"dateModified\":\"2025-05-23T12:54:24+00:00\",\"description\":\"Fire blanket 120x180 hard case silicon. Fire blankets are usually used for putting out small fires in or around the kitchen\",\"breadcrumb\":{\"@id\":\"https:\/\/deltronic.se\/en\/produkt\/brandfilt-120x180-hard-silikon\/#breadcrumb\"},\"inLanguage\":\"en-US\",\"potentialAction\":[{\"@type\":\"ReadAction\",\"target\":[\"https:\/\/deltronic.se\/en\/produkt\/brandfilt-120x180-hard-silikon\/\"]}]},{\"@type\":\"ImageObject\",\"inLanguage\":\"en-US\",\"@id\":\"https:\/\/deltronic.se\/en\/produkt\/brandfilt-120x180-hard-silikon\/#primaryimage\",\"url\":\"https:\/\/deltronic.se\/en\/wp-content\/uploads\/sites\/5\/2024\/01\/F1218HS1.png\",\"contentUrl\":\"https:\/\/deltronic.se\/en\/wp-content\/uploads\/sites\/5\/2024\/01\/F1218HS1.png\",\"width\":738,\"height\":1200,\"caption\":\"Framsida p\u00e5 r\u00f6d brandfilt i h\u00e5rd box med illustration och text om handhavande\"},{\"@type\":\"BreadcrumbList\",\"@id\":\"https:\/\/deltronic.se\/en\/produkt\/brandfilt-120x180-hard-silikon\/#breadcrumb\",\"itemListElement\":[{\"@type\":\"ListItem\",\"position\":1,\"name\":\"Home\",\"item\":\"https:\/\/deltronic.se\/en\/\"},{\"@type\":\"ListItem\",\"position\":2,\"name\":\"Shop\",\"item\":\"https:\/\/deltronic.se\/en\/shop\/\"},{\"@type\":\"ListItem\",\"position\":3,\"name\":\"Fire blanket 120&#215;180 hard case silicon\"}]},{\"@type\":\"WebSite\",\"@id\":\"https:\/\/deltronic.se\/en\/#website\",\"url\":\"https:\/\/deltronic.se\/en\/\",\"name\":\"Deltronic English\",\"description\":\"\",\"potentialAction\":[{\"@type\":\"SearchAction\",\"target\":{\"@type\":\"EntryPoint\",\"urlTemplate\":\"https:\/\/deltronic.se\/en\/?s={search_term_string}\"},\"query-input\":{\"@type\":\"PropertyValueSpecification\",\"valueRequired\":true,\"valueName\":\"search_term_string\"}}],\"inLanguage\":\"en-US\"}]}<\/script>\n<meta property=\"product:price:amount\" content=\"139.00\" \/>\n<meta property=\"product:price:currency\" content=\"SEK\" \/>\n<meta property=\"og:availability\" content=\"instock\" \/>\n<meta property=\"product:availability\" content=\"instock\" \/>\n<meta property=\"product:retailer_item_id\" content=\"60234\" \/>\n<meta property=\"product:condition\" content=\"new\" \/>\n<!-- \/ Yoast SEO Premium plugin. -->","yoast_head_json":{"title":"Fire blanket 120x180 hard case silicon - Deltronic English","description":"Fire blanket 120x180 hard case silicon. Fire blankets are usually used for putting out small fires in or around the kitchen","robots":{"index":"index","follow":"follow","max-snippet":"max-snippet:-1","max-image-preview":"max-image-preview:large","max-video-preview":"max-video-preview:-1"},"canonical":"https:\/\/deltronic.se\/en\/produkt\/brandfilt-120x180-hard-silikon\/","og_locale":"en_US","og_type":"article","og_title":"Fire blanket 120x180 hard case silicon","og_description":"Fire blanket 120x180 hard case silicon. Fire blankets are usually used for putting out small fires in or around the kitchen","og_url":"https:\/\/deltronic.se\/en\/produkt\/brandfilt-120x180-hard-silikon\/","og_site_name":"Deltronic English","article_modified_time":"2025-05-23T12:54:24+00:00","og_image":[{"width":738,"height":1200,"url":"https:\/\/deltronic.se\/en\/wp-content\/uploads\/sites\/5\/2024\/01\/F1218HS1.png","type":"image\/png"}],"twitter_card":"summary_large_image","twitter_misc":{"Price":"139&nbsp;&#107;&#114;","Availability":"In stock"},"schema":{"@context":"https:\/\/schema.org","@graph":[{"@type":"WebPage","@id":"https:\/\/deltronic.se\/en\/produkt\/brandfilt-120x180-hard-silikon\/","url":"https:\/\/deltronic.se\/en\/produkt\/brandfilt-120x180-hard-silikon\/","name":"Fire blanket 120x180 hard case silicon - Deltronic English","isPartOf":{"@id":"https:\/\/deltronic.se\/en\/#website"},"primaryImageOfPage":{"@id":"https:\/\/deltronic.se\/en\/produkt\/brandfilt-120x180-hard-silikon\/#primaryimage"},"image":{"@id":"https:\/\/deltronic.se\/en\/produkt\/brandfilt-120x180-hard-silikon\/#primaryimage"},"thumbnailUrl":"https:\/\/deltronic.se\/en\/wp-content\/uploads\/sites\/5\/2024\/01\/F1218HS1.png","datePublished":"2024-01-04T10:40:18+00:00","dateModified":"2025-05-23T12:54:24+00:00","description":"Fire blanket 120x180 hard case silicon. Fire blankets are usually used for putting out small fires in or around the kitchen","breadcrumb":{"@id":"https:\/\/deltronic.se\/en\/produkt\/brandfilt-120x180-hard-silikon\/#breadcrumb"},"inLanguage":"en-US","potentialAction":[{"@type":"ReadAction","target":["https:\/\/deltronic.se\/en\/produkt\/brandfilt-120x180-hard-silikon\/"]}]},{"@type":"ImageObject","inLanguage":"en-US","@id":"https:\/\/deltronic.se\/en\/produkt\/brandfilt-120x180-hard-silikon\/#primaryimage","url":"https:\/\/deltronic.se\/en\/wp-content\/uploads\/sites\/5\/2024\/01\/F1218HS1.png","contentUrl":"https:\/\/deltronic.se\/en\/wp-content\/uploads\/sites\/5\/2024\/01\/F1218HS1.png","width":738,"height":1200,"caption":"Framsida p\u00e5 r\u00f6d brandfilt i h\u00e5rd box med illustration och text om handhavande"},{"@type":"BreadcrumbList","@id":"https:\/\/deltronic.se\/en\/produkt\/brandfilt-120x180-hard-silikon\/#breadcrumb","itemListElement":[{"@type":"ListItem","position":1,"name":"Home","item":"https:\/\/deltronic.se\/en\/"},{"@type":"ListItem","position":2,"name":"Shop","item":"https:\/\/deltronic.se\/en\/shop\/"},{"@type":"ListItem","position":3,"name":"Fire blanket 120&#215;180 hard case silicon"}]},{"@type":"WebSite","@id":"https:\/\/deltronic.se\/en\/#website","url":"https:\/\/deltronic.se\/en\/","name":"Deltronic English","description":"","potentialAction":[{"@type":"SearchAction","target":{"@type":"EntryPoint","urlTemplate":"https:\/\/deltronic.se\/en\/?s={search_term_string}"},"query-input":{"@type":"PropertyValueSpecification","valueRequired":true,"valueName":"search_term_string"}}],"inLanguage":"en-US"}]},"product_price_amount":"139.00","product_price_currency":"SEK","og_availability":"instock","product_availability":"instock","product_retailer_item_id":"60234","product_condition":"new"},"_links":{"self":[{"href":"https:\/\/deltronic.se\/en\/wp-json\/wp\/v2\/product\/2194","targetHints":{"allow":["GET"]}}],"collection":[{"href":"https:\/\/deltronic.se\/en\/wp-json\/wp\/v2\/product"}],"about":[{"href":"https:\/\/deltronic.se\/en\/wp-json\/wp\/v2\/types\/product"}],"wp:featuredmedia":[{"embeddable":true,"href":"https:\/\/deltronic.se\/en\/wp-json\/wp\/v2\/media\/2524"}],"wp:attachment":[{"href":"https:\/\/deltronic.se\/en\/wp-json\/wp\/v2\/media?parent=2194"}],"wp:term":[{"taxonomy":"varumarke","embeddable":true,"href":"https:\/\/deltronic.se\/en\/wp-json\/wp\/v2\/varumarke?post=2194"},{"taxonomy":"product_brand","embeddable":true,"href":"https:\/\/deltronic.se\/en\/wp-json\/wp\/v2\/product_brand?post=2194"},{"taxonomy":"product_cat","embeddable":true,"href":"https:\/\/deltronic.se\/en\/wp-json\/wp\/v2\/product_cat?post=2194"},{"taxonomy":"product_tag","embeddable":true,"href":"https:\/\/deltronic.se\/en\/wp-json\/wp\/v2\/product_tag?post=2194"}],"curies":[{"name":"wp","href":"https:\/\/api.w.org\/{rel}","templated":true}]}}