{"id":1474,"date":"2021-04-14T08:06:05","date_gmt":"2021-04-14T06:06:05","guid":{"rendered":"https:\/\/deltronic.se\/produkt\/x-sense-xs01-rc01-remote\/"},"modified":"2024-10-14T14:11:32","modified_gmt":"2024-10-14T12:11:32","slug":"x-sense-xs01-rc01-remote","status":"publish","type":"product","link":"https:\/\/deltronic.se\/en\/produkt\/x-sense-xs01-rc01-remote\/","title":{"rendered":"X-Sense RC01-W Remote control"},"content":{"rendered":"<p>If you have found X-Sense XS01-W smoke alarms? Did you know that you can control them using a remote control? You can test or hush your interconnected devices so you don\u2019t have to rush up on chairs and the like if you accidentally managed to bail out your smoke alarms. Or if you want to get better at testing your system more regularly, there is almost no easier way. With 1-year built-in lithium battery CR2032 and 5-year product warranty.<\/p>\n<p>The device is wirelessly connectable via radio where configuration in a closed group ensures that other devices within the signal range do not affect the configured group in the event of a test or sharp smoke alarm. Therefore, it is also suitable for larger composite systems with up to 24 units per group, remotely included.<\/p>\n","protected":false},"excerpt":{"rendered":"<p>If you have found X-Sense XS01-W smoke alarms? Did you know that you can control them using a remote control? You can test or hush your interconnected devices so you don\u2019t have to rush up on chairs and the like if you accidentally managed to bail out your smoke alarms. Or if you want to [&hellip;]<\/p>\n","protected":false},"featured_media":2526,"template":"","meta":[],"varumarke":[],"product_brand":[],"product_cat":[89],"product_tag":[],"class_list":{"0":"post-1474","1":"product","2":"type-product","3":"status-publish","4":"has-post-thumbnail","6":"product_cat-accessories","8":"first","9":"instock","10":"taxable","11":"shipping-taxable","12":"purchasable","13":"product-type-simple"},"yoast_head":"<!-- This site is optimized with the Yoast SEO Premium plugin v25.8 (Yoast SEO v25.8) - https:\/\/yoast.com\/wordpress\/plugins\/seo\/ -->\n<title>X-Sense RC01-W Remote control - Deltronic English<\/title>\n<meta name=\"robots\" content=\"index, follow, max-snippet:-1, max-image-preview:large, max-video-preview:-1\" \/>\n<link rel=\"canonical\" href=\"https:\/\/deltronic.se\/en\/produkt\/x-sense-xs01-rc01-remote\/\" \/>\n<meta property=\"og:locale\" content=\"en_US\" \/>\n<meta property=\"og:type\" content=\"article\" \/>\n<meta property=\"og:title\" content=\"X-Sense RC01-W Remote control\" \/>\n<meta property=\"og:description\" content=\"If you have found X-Sense XS01-W smoke alarms? Did you know that you can control them using a remote control? You can test or hush your interconnected devices so you don\u2019t have to rush up on chairs and the like if you accidentally managed to bail out your smoke alarms. Or if you want to [&hellip;]\" \/>\n<meta property=\"og:url\" content=\"https:\/\/deltronic.se\/en\/produkt\/x-sense-xs01-rc01-remote\/\" \/>\n<meta property=\"og:site_name\" content=\"Deltronic English\" \/>\n<meta property=\"article:modified_time\" content=\"2024-10-14T12:11:32+00:00\" \/>\n<meta property=\"og:image\" content=\"https:\/\/deltronic.se\/en\/wp-content\/uploads\/2024\/01\/XS-RC01-W_1.png\" \/>\n\t<meta property=\"og:image:width\" content=\"590\" \/>\n\t<meta property=\"og:image:height\" content=\"1200\" \/>\n\t<meta property=\"og:image:type\" content=\"image\/png\" \/>\n<meta name=\"twitter:card\" content=\"summary_large_image\" \/>\n<meta name=\"twitter:label1\" content=\"Price\" \/>\n\t<meta name=\"twitter:data1\" content=\"119&nbsp;&#107;&#114;\" \/>\n\t<meta name=\"twitter:label2\" content=\"Availability\" \/>\n\t<meta name=\"twitter:data2\" content=\"In stock\" \/>\n<script type=\"application\/ld+json\" class=\"yoast-schema-graph\">{\"@context\":\"https:\/\/schema.org\",\"@graph\":[{\"@type\":\"WebPage\",\"@id\":\"https:\/\/deltronic.se\/en\/produkt\/x-sense-xs01-rc01-remote\/\",\"url\":\"https:\/\/deltronic.se\/en\/produkt\/x-sense-xs01-rc01-remote\/\",\"name\":\"X-Sense RC01-W Remote control - Deltronic English\",\"isPartOf\":{\"@id\":\"https:\/\/deltronic.se\/en\/#website\"},\"primaryImageOfPage\":{\"@id\":\"https:\/\/deltronic.se\/en\/produkt\/x-sense-xs01-rc01-remote\/#primaryimage\"},\"image\":{\"@id\":\"https:\/\/deltronic.se\/en\/produkt\/x-sense-xs01-rc01-remote\/#primaryimage\"},\"thumbnailUrl\":\"https:\/\/deltronic.se\/en\/wp-content\/uploads\/sites\/5\/2024\/01\/XS-RC01-W_1.png\",\"datePublished\":\"2021-04-14T06:06:05+00:00\",\"dateModified\":\"2024-10-14T12:11:32+00:00\",\"breadcrumb\":{\"@id\":\"https:\/\/deltronic.se\/en\/produkt\/x-sense-xs01-rc01-remote\/#breadcrumb\"},\"inLanguage\":\"en-US\",\"potentialAction\":[{\"@type\":\"ReadAction\",\"target\":[\"https:\/\/deltronic.se\/en\/produkt\/x-sense-xs01-rc01-remote\/\"]}]},{\"@type\":\"ImageObject\",\"inLanguage\":\"en-US\",\"@id\":\"https:\/\/deltronic.se\/en\/produkt\/x-sense-xs01-rc01-remote\/#primaryimage\",\"url\":\"https:\/\/deltronic.se\/en\/wp-content\/uploads\/sites\/5\/2024\/01\/XS-RC01-W_1.png\",\"contentUrl\":\"https:\/\/deltronic.se\/en\/wp-content\/uploads\/sites\/5\/2024\/01\/XS-RC01-W_1.png\",\"width\":590,\"height\":1200,\"caption\":\"St\u00e5ende fj\u00e4rrkontroll med bl\u00e5tt indikatorljus\"},{\"@type\":\"BreadcrumbList\",\"@id\":\"https:\/\/deltronic.se\/en\/produkt\/x-sense-xs01-rc01-remote\/#breadcrumb\",\"itemListElement\":[{\"@type\":\"ListItem\",\"position\":1,\"name\":\"Home\",\"item\":\"https:\/\/deltronic.se\/en\/\"},{\"@type\":\"ListItem\",\"position\":2,\"name\":\"Shop\",\"item\":\"https:\/\/deltronic.se\/en\/shop\/\"},{\"@type\":\"ListItem\",\"position\":3,\"name\":\"X-Sense RC01-W Remote control\"}]},{\"@type\":\"WebSite\",\"@id\":\"https:\/\/deltronic.se\/en\/#website\",\"url\":\"https:\/\/deltronic.se\/en\/\",\"name\":\"Deltronic English\",\"description\":\"\",\"potentialAction\":[{\"@type\":\"SearchAction\",\"target\":{\"@type\":\"EntryPoint\",\"urlTemplate\":\"https:\/\/deltronic.se\/en\/?s={search_term_string}\"},\"query-input\":{\"@type\":\"PropertyValueSpecification\",\"valueRequired\":true,\"valueName\":\"search_term_string\"}}],\"inLanguage\":\"en-US\"}]}<\/script>\n<meta property=\"product:price:amount\" content=\"119.00\" \/>\n<meta property=\"product:price:currency\" content=\"SEK\" \/>\n<meta property=\"og:availability\" content=\"instock\" \/>\n<meta property=\"product:availability\" content=\"instock\" \/>\n<meta property=\"product:retailer_item_id\" content=\"10208\" \/>\n<meta property=\"product:condition\" content=\"new\" \/>\n<!-- \/ Yoast SEO Premium plugin. -->","yoast_head_json":{"title":"X-Sense RC01-W Remote control - Deltronic English","robots":{"index":"index","follow":"follow","max-snippet":"max-snippet:-1","max-image-preview":"max-image-preview:large","max-video-preview":"max-video-preview:-1"},"canonical":"https:\/\/deltronic.se\/en\/produkt\/x-sense-xs01-rc01-remote\/","og_locale":"en_US","og_type":"article","og_title":"X-Sense RC01-W Remote control","og_description":"If you have found X-Sense XS01-W smoke alarms? Did you know that you can control them using a remote control? You can test or hush your interconnected devices so you don\u2019t have to rush up on chairs and the like if you accidentally managed to bail out your smoke alarms. Or if you want to [&hellip;]","og_url":"https:\/\/deltronic.se\/en\/produkt\/x-sense-xs01-rc01-remote\/","og_site_name":"Deltronic English","article_modified_time":"2024-10-14T12:11:32+00:00","og_image":[{"width":590,"height":1200,"url":"https:\/\/deltronic.se\/en\/wp-content\/uploads\/2024\/01\/XS-RC01-W_1.png","type":"image\/png"}],"twitter_card":"summary_large_image","twitter_misc":{"Price":"119&nbsp;&#107;&#114;","Availability":"In stock"},"schema":{"@context":"https:\/\/schema.org","@graph":[{"@type":"WebPage","@id":"https:\/\/deltronic.se\/en\/produkt\/x-sense-xs01-rc01-remote\/","url":"https:\/\/deltronic.se\/en\/produkt\/x-sense-xs01-rc01-remote\/","name":"X-Sense RC01-W Remote control - Deltronic English","isPartOf":{"@id":"https:\/\/deltronic.se\/en\/#website"},"primaryImageOfPage":{"@id":"https:\/\/deltronic.se\/en\/produkt\/x-sense-xs01-rc01-remote\/#primaryimage"},"image":{"@id":"https:\/\/deltronic.se\/en\/produkt\/x-sense-xs01-rc01-remote\/#primaryimage"},"thumbnailUrl":"https:\/\/deltronic.se\/en\/wp-content\/uploads\/sites\/5\/2024\/01\/XS-RC01-W_1.png","datePublished":"2021-04-14T06:06:05+00:00","dateModified":"2024-10-14T12:11:32+00:00","breadcrumb":{"@id":"https:\/\/deltronic.se\/en\/produkt\/x-sense-xs01-rc01-remote\/#breadcrumb"},"inLanguage":"en-US","potentialAction":[{"@type":"ReadAction","target":["https:\/\/deltronic.se\/en\/produkt\/x-sense-xs01-rc01-remote\/"]}]},{"@type":"ImageObject","inLanguage":"en-US","@id":"https:\/\/deltronic.se\/en\/produkt\/x-sense-xs01-rc01-remote\/#primaryimage","url":"https:\/\/deltronic.se\/en\/wp-content\/uploads\/sites\/5\/2024\/01\/XS-RC01-W_1.png","contentUrl":"https:\/\/deltronic.se\/en\/wp-content\/uploads\/sites\/5\/2024\/01\/XS-RC01-W_1.png","width":590,"height":1200,"caption":"St\u00e5ende fj\u00e4rrkontroll med bl\u00e5tt indikatorljus"},{"@type":"BreadcrumbList","@id":"https:\/\/deltronic.se\/en\/produkt\/x-sense-xs01-rc01-remote\/#breadcrumb","itemListElement":[{"@type":"ListItem","position":1,"name":"Home","item":"https:\/\/deltronic.se\/en\/"},{"@type":"ListItem","position":2,"name":"Shop","item":"https:\/\/deltronic.se\/en\/shop\/"},{"@type":"ListItem","position":3,"name":"X-Sense RC01-W Remote control"}]},{"@type":"WebSite","@id":"https:\/\/deltronic.se\/en\/#website","url":"https:\/\/deltronic.se\/en\/","name":"Deltronic English","description":"","potentialAction":[{"@type":"SearchAction","target":{"@type":"EntryPoint","urlTemplate":"https:\/\/deltronic.se\/en\/?s={search_term_string}"},"query-input":{"@type":"PropertyValueSpecification","valueRequired":true,"valueName":"search_term_string"}}],"inLanguage":"en-US"}]},"product_price_amount":"119.00","product_price_currency":"SEK","og_availability":"instock","product_availability":"instock","product_retailer_item_id":"10208","product_condition":"new"},"_links":{"self":[{"href":"https:\/\/deltronic.se\/en\/wp-json\/wp\/v2\/product\/1474","targetHints":{"allow":["GET"]}}],"collection":[{"href":"https:\/\/deltronic.se\/en\/wp-json\/wp\/v2\/product"}],"about":[{"href":"https:\/\/deltronic.se\/en\/wp-json\/wp\/v2\/types\/product"}],"wp:featuredmedia":[{"embeddable":true,"href":"https:\/\/deltronic.se\/en\/wp-json\/wp\/v2\/media\/2526"}],"wp:attachment":[{"href":"https:\/\/deltronic.se\/en\/wp-json\/wp\/v2\/media?parent=1474"}],"wp:term":[{"taxonomy":"varumarke","embeddable":true,"href":"https:\/\/deltronic.se\/en\/wp-json\/wp\/v2\/varumarke?post=1474"},{"taxonomy":"product_brand","embeddable":true,"href":"https:\/\/deltronic.se\/en\/wp-json\/wp\/v2\/product_brand?post=1474"},{"taxonomy":"product_cat","embeddable":true,"href":"https:\/\/deltronic.se\/en\/wp-json\/wp\/v2\/product_cat?post=1474"},{"taxonomy":"product_tag","embeddable":true,"href":"https:\/\/deltronic.se\/en\/wp-json\/wp\/v2\/product_tag?post=1474"}],"curies":[{"name":"wp","href":"https:\/\/api.w.org\/{rel}","templated":true}]}}