{"id":1459,"date":"2021-04-12T08:00:57","date_gmt":"2021-04-12T06:00:57","guid":{"rendered":"https:\/\/deltronic.se\/produkt\/x-sense-xs01-w-2pack-rokvarnare\/"},"modified":"2024-05-28T13:52:57","modified_gmt":"2024-05-28T11:52:57","slug":"x-sense-xs01-w-2pack-rokvarnare","status":"publish","type":"product","link":"https:\/\/deltronic.se\/en\/produkt\/x-sense-xs01-w-2pack-rokvarnare\/","title":{"rendered":"X-Sense XS01-W Smoke alarm 2 pack"},"content":{"rendered":"<p>X-Sense XS01-W smoke alarm 2 pack is a box of 2\u00a0 paired smoke detectors.<\/p>\n<p>Is design interesting and a diameter of only 78mm? Then take a look at this new series of smoke detectors. A product that fits in most homes. With 10-year built-in lithium battery and 5-year product warranty. Smart accessories such as remote control (XS-RC01) for testing and hush activation can be mentioned, so you do not have to stand on chairs or ladders.<\/p>\n<p>The device is wirelessly connectable via radio where configuration in a closed group ensures that other devices within the signal range do not affect the configured group in the event of a test or sharp smoke alarm. Therefore, it is also suitable for larger composite systems with up to 24 units per group.<\/p>\n<p>The products are paired from the factory and are thus very easy to set up. If you want to add more devices to larger systems, that\u2019s fine too.<\/p>\n","protected":false},"excerpt":{"rendered":"<p>X-Sense XS01-W smoke alarm 2 pack is a box of 2\u00a0 paired smoke detectors. Is design interesting and a diameter of only 78mm? Then take a look at this new series of smoke detectors. A product that fits in most homes. With 10-year built-in lithium battery and 5-year product warranty. Smart accessories such as remote [&hellip;]<\/p>\n","protected":false},"featured_media":3248,"template":"","meta":[],"varumarke":[],"product_brand":[],"product_cat":[102,76,103],"product_tag":[],"class_list":{"0":"post-1459","1":"product","2":"type-product","3":"status-publish","4":"has-post-thumbnail","6":"product_cat-batteridriven_brand","7":"product_cat-fire-alarms","8":"product_cat-sammankopplingsbar_brand","10":"first","11":"instock","12":"taxable","13":"shipping-taxable","14":"purchasable","15":"product-type-simple"},"yoast_head":"<!-- This site is optimized with the Yoast SEO Premium plugin v25.8 (Yoast SEO v25.8) - https:\/\/yoast.com\/wordpress\/plugins\/seo\/ -->\n<title>X-Sense XS01-W Smoke alarm 2 pack - Deltronic English<\/title>\n<meta name=\"robots\" content=\"index, follow, max-snippet:-1, max-image-preview:large, max-video-preview:-1\" \/>\n<link rel=\"canonical\" href=\"https:\/\/deltronic.se\/en\/produkt\/x-sense-xs01-w-2pack-rokvarnare\/\" \/>\n<meta property=\"og:locale\" content=\"en_US\" \/>\n<meta property=\"og:type\" content=\"article\" \/>\n<meta property=\"og:title\" content=\"X-Sense XS01-W Smoke alarm 2 pack\" \/>\n<meta property=\"og:description\" content=\"X-Sense XS01-W smoke alarm 2 pack is a box of 2\u00a0 paired smoke detectors. Is design interesting and a diameter of only 78mm? Then take a look at this new series of smoke detectors. A product that fits in most homes. With 10-year built-in lithium battery and 5-year product warranty. Smart accessories such as remote [&hellip;]\" \/>\n<meta property=\"og:url\" content=\"https:\/\/deltronic.se\/en\/produkt\/x-sense-xs01-w-2pack-rokvarnare\/\" \/>\n<meta property=\"og:site_name\" content=\"Deltronic English\" \/>\n<meta property=\"article:modified_time\" content=\"2024-05-28T11:52:57+00:00\" \/>\n<meta property=\"og:image\" content=\"https:\/\/deltronic.se\/en\/wp-content\/uploads\/sites\/5\/2024\/01\/XS01-W_12.png\" \/>\n\t<meta property=\"og:image:width\" content=\"1200\" \/>\n\t<meta property=\"og:image:height\" content=\"1007\" \/>\n\t<meta property=\"og:image:type\" content=\"image\/png\" \/>\n<meta name=\"twitter:card\" content=\"summary_large_image\" \/>\n<meta name=\"twitter:label1\" content=\"Price\" \/>\n\t<meta name=\"twitter:data1\" content=\"517&nbsp;&#107;&#114;\" \/>\n\t<meta name=\"twitter:label2\" content=\"Availability\" \/>\n\t<meta name=\"twitter:data2\" content=\"In stock\" \/>\n<script type=\"application\/ld+json\" class=\"yoast-schema-graph\">{\"@context\":\"https:\/\/schema.org\",\"@graph\":[{\"@type\":\"WebPage\",\"@id\":\"https:\/\/deltronic.se\/en\/produkt\/x-sense-xs01-w-2pack-rokvarnare\/\",\"url\":\"https:\/\/deltronic.se\/en\/produkt\/x-sense-xs01-w-2pack-rokvarnare\/\",\"name\":\"X-Sense XS01-W Smoke alarm 2 pack - Deltronic English\",\"isPartOf\":{\"@id\":\"https:\/\/deltronic.se\/en\/#website\"},\"primaryImageOfPage\":{\"@id\":\"https:\/\/deltronic.se\/en\/produkt\/x-sense-xs01-w-2pack-rokvarnare\/#primaryimage\"},\"image\":{\"@id\":\"https:\/\/deltronic.se\/en\/produkt\/x-sense-xs01-w-2pack-rokvarnare\/#primaryimage\"},\"thumbnailUrl\":\"https:\/\/deltronic.se\/en\/wp-content\/uploads\/sites\/5\/2024\/01\/XS01-W_12.png\",\"datePublished\":\"2021-04-12T06:00:57+00:00\",\"dateModified\":\"2024-05-28T11:52:57+00:00\",\"breadcrumb\":{\"@id\":\"https:\/\/deltronic.se\/en\/produkt\/x-sense-xs01-w-2pack-rokvarnare\/#breadcrumb\"},\"inLanguage\":\"en-US\",\"potentialAction\":[{\"@type\":\"ReadAction\",\"target\":[\"https:\/\/deltronic.se\/en\/produkt\/x-sense-xs01-w-2pack-rokvarnare\/\"]}]},{\"@type\":\"ImageObject\",\"inLanguage\":\"en-US\",\"@id\":\"https:\/\/deltronic.se\/en\/produkt\/x-sense-xs01-w-2pack-rokvarnare\/#primaryimage\",\"url\":\"https:\/\/deltronic.se\/en\/wp-content\/uploads\/sites\/5\/2024\/01\/XS01-W_12.png\",\"contentUrl\":\"https:\/\/deltronic.se\/en\/wp-content\/uploads\/sites\/5\/2024\/01\/XS01-W_12.png\",\"width\":1200,\"height\":1007,\"caption\":\"Tv\u00e5 r\u00f6kvarnare XS01-W ur en tv\u00e5 pack\"},{\"@type\":\"BreadcrumbList\",\"@id\":\"https:\/\/deltronic.se\/en\/produkt\/x-sense-xs01-w-2pack-rokvarnare\/#breadcrumb\",\"itemListElement\":[{\"@type\":\"ListItem\",\"position\":1,\"name\":\"Home\",\"item\":\"https:\/\/deltronic.se\/en\/\"},{\"@type\":\"ListItem\",\"position\":2,\"name\":\"Shop\",\"item\":\"https:\/\/deltronic.se\/en\/shop\/\"},{\"@type\":\"ListItem\",\"position\":3,\"name\":\"X-Sense XS01-W Smoke alarm 2 pack\"}]},{\"@type\":\"WebSite\",\"@id\":\"https:\/\/deltronic.se\/en\/#website\",\"url\":\"https:\/\/deltronic.se\/en\/\",\"name\":\"Deltronic English\",\"description\":\"\",\"potentialAction\":[{\"@type\":\"SearchAction\",\"target\":{\"@type\":\"EntryPoint\",\"urlTemplate\":\"https:\/\/deltronic.se\/en\/?s={search_term_string}\"},\"query-input\":{\"@type\":\"PropertyValueSpecification\",\"valueRequired\":true,\"valueName\":\"search_term_string\"}}],\"inLanguage\":\"en-US\"}]}<\/script>\n<meta property=\"product:price:amount\" content=\"517.00\" \/>\n<meta property=\"product:price:currency\" content=\"SEK\" \/>\n<meta property=\"og:availability\" content=\"instock\" \/>\n<meta property=\"product:availability\" content=\"instock\" \/>\n<meta property=\"product:retailer_item_id\" content=\"10202\" \/>\n<meta property=\"product:condition\" content=\"new\" \/>\n<!-- \/ Yoast SEO Premium plugin. -->","yoast_head_json":{"title":"X-Sense XS01-W Smoke alarm 2 pack - Deltronic English","robots":{"index":"index","follow":"follow","max-snippet":"max-snippet:-1","max-image-preview":"max-image-preview:large","max-video-preview":"max-video-preview:-1"},"canonical":"https:\/\/deltronic.se\/en\/produkt\/x-sense-xs01-w-2pack-rokvarnare\/","og_locale":"en_US","og_type":"article","og_title":"X-Sense XS01-W Smoke alarm 2 pack","og_description":"X-Sense XS01-W smoke alarm 2 pack is a box of 2\u00a0 paired smoke detectors. Is design interesting and a diameter of only 78mm? Then take a look at this new series of smoke detectors. A product that fits in most homes. With 10-year built-in lithium battery and 5-year product warranty. Smart accessories such as remote [&hellip;]","og_url":"https:\/\/deltronic.se\/en\/produkt\/x-sense-xs01-w-2pack-rokvarnare\/","og_site_name":"Deltronic English","article_modified_time":"2024-05-28T11:52:57+00:00","og_image":[{"width":1200,"height":1007,"url":"https:\/\/deltronic.se\/en\/wp-content\/uploads\/sites\/5\/2024\/01\/XS01-W_12.png","type":"image\/png"}],"twitter_card":"summary_large_image","twitter_misc":{"Price":"517&nbsp;&#107;&#114;","Availability":"In stock"},"schema":{"@context":"https:\/\/schema.org","@graph":[{"@type":"WebPage","@id":"https:\/\/deltronic.se\/en\/produkt\/x-sense-xs01-w-2pack-rokvarnare\/","url":"https:\/\/deltronic.se\/en\/produkt\/x-sense-xs01-w-2pack-rokvarnare\/","name":"X-Sense XS01-W Smoke alarm 2 pack - Deltronic English","isPartOf":{"@id":"https:\/\/deltronic.se\/en\/#website"},"primaryImageOfPage":{"@id":"https:\/\/deltronic.se\/en\/produkt\/x-sense-xs01-w-2pack-rokvarnare\/#primaryimage"},"image":{"@id":"https:\/\/deltronic.se\/en\/produkt\/x-sense-xs01-w-2pack-rokvarnare\/#primaryimage"},"thumbnailUrl":"https:\/\/deltronic.se\/en\/wp-content\/uploads\/sites\/5\/2024\/01\/XS01-W_12.png","datePublished":"2021-04-12T06:00:57+00:00","dateModified":"2024-05-28T11:52:57+00:00","breadcrumb":{"@id":"https:\/\/deltronic.se\/en\/produkt\/x-sense-xs01-w-2pack-rokvarnare\/#breadcrumb"},"inLanguage":"en-US","potentialAction":[{"@type":"ReadAction","target":["https:\/\/deltronic.se\/en\/produkt\/x-sense-xs01-w-2pack-rokvarnare\/"]}]},{"@type":"ImageObject","inLanguage":"en-US","@id":"https:\/\/deltronic.se\/en\/produkt\/x-sense-xs01-w-2pack-rokvarnare\/#primaryimage","url":"https:\/\/deltronic.se\/en\/wp-content\/uploads\/sites\/5\/2024\/01\/XS01-W_12.png","contentUrl":"https:\/\/deltronic.se\/en\/wp-content\/uploads\/sites\/5\/2024\/01\/XS01-W_12.png","width":1200,"height":1007,"caption":"Tv\u00e5 r\u00f6kvarnare XS01-W ur en tv\u00e5 pack"},{"@type":"BreadcrumbList","@id":"https:\/\/deltronic.se\/en\/produkt\/x-sense-xs01-w-2pack-rokvarnare\/#breadcrumb","itemListElement":[{"@type":"ListItem","position":1,"name":"Home","item":"https:\/\/deltronic.se\/en\/"},{"@type":"ListItem","position":2,"name":"Shop","item":"https:\/\/deltronic.se\/en\/shop\/"},{"@type":"ListItem","position":3,"name":"X-Sense XS01-W Smoke alarm 2 pack"}]},{"@type":"WebSite","@id":"https:\/\/deltronic.se\/en\/#website","url":"https:\/\/deltronic.se\/en\/","name":"Deltronic English","description":"","potentialAction":[{"@type":"SearchAction","target":{"@type":"EntryPoint","urlTemplate":"https:\/\/deltronic.se\/en\/?s={search_term_string}"},"query-input":{"@type":"PropertyValueSpecification","valueRequired":true,"valueName":"search_term_string"}}],"inLanguage":"en-US"}]},"product_price_amount":"517.00","product_price_currency":"SEK","og_availability":"instock","product_availability":"instock","product_retailer_item_id":"10202","product_condition":"new"},"_links":{"self":[{"href":"https:\/\/deltronic.se\/en\/wp-json\/wp\/v2\/product\/1459","targetHints":{"allow":["GET"]}}],"collection":[{"href":"https:\/\/deltronic.se\/en\/wp-json\/wp\/v2\/product"}],"about":[{"href":"https:\/\/deltronic.se\/en\/wp-json\/wp\/v2\/types\/product"}],"wp:featuredmedia":[{"embeddable":true,"href":"https:\/\/deltronic.se\/en\/wp-json\/wp\/v2\/media\/3248"}],"wp:attachment":[{"href":"https:\/\/deltronic.se\/en\/wp-json\/wp\/v2\/media?parent=1459"}],"wp:term":[{"taxonomy":"varumarke","embeddable":true,"href":"https:\/\/deltronic.se\/en\/wp-json\/wp\/v2\/varumarke?post=1459"},{"taxonomy":"product_brand","embeddable":true,"href":"https:\/\/deltronic.se\/en\/wp-json\/wp\/v2\/product_brand?post=1459"},{"taxonomy":"product_cat","embeddable":true,"href":"https:\/\/deltronic.se\/en\/wp-json\/wp\/v2\/product_cat?post=1459"},{"taxonomy":"product_tag","embeddable":true,"href":"https:\/\/deltronic.se\/en\/wp-json\/wp\/v2\/product_tag?post=1459"}],"curies":[{"name":"wp","href":"https:\/\/api.w.org\/{rel}","templated":true}]}}