{"id":1409,"date":"2019-04-09T09:05:09","date_gmt":"2019-04-09T07:05:09","guid":{"rendered":"https:\/\/deltronic.se\/produkt\/w1201\/"},"modified":"2024-01-25T14:38:10","modified_gmt":"2024-01-25T13:38:10","slug":"w1201","status":"publish","type":"product","link":"https:\/\/deltronic.se\/en\/produkt\/w1201\/","title":{"rendered":"Deltronic W1201 Vattenvarnare 9v"},"content":{"rendered":"<p>En enkel detekteringsenhet f\u00f6r att tidigt larma om n\u00e5got l\u00e4cker vatten.<\/p>\n<p>Utbytbart 9V batteri.<\/p>\n","protected":false},"excerpt":{"rendered":"<p>En enkel detekteringsenhet f\u00f6r att tidigt larma om n\u00e5got l\u00e4cker vatten. Utbytbart 9V batteri.<\/p>\n","protected":false},"featured_media":2859,"template":"","meta":[],"varumarke":[],"product_brand":[],"product_cat":[79,117],"product_tag":[],"class_list":{"0":"post-1409","1":"product","2":"type-product","3":"status-publish","4":"has-post-thumbnail","6":"product_cat-utgmod","7":"product_cat-vattenvarnare_utgagnaprodukter","9":"first","10":"outofstock","11":"taxable","12":"shipping-taxable","13":"product-type-simple"},"yoast_head":"<!-- This site is optimized with the Yoast SEO Premium plugin v25.8 (Yoast SEO v25.8) - https:\/\/yoast.com\/wordpress\/plugins\/seo\/ -->\n<title>Deltronic W1201 Vattenvarnare 9v - Deltronic English<\/title>\n<meta name=\"robots\" content=\"index, follow, max-snippet:-1, max-image-preview:large, max-video-preview:-1\" \/>\n<link rel=\"canonical\" href=\"https:\/\/deltronic.se\/en\/produkt\/w1201\/\" \/>\n<meta property=\"og:locale\" content=\"en_US\" \/>\n<meta property=\"og:type\" content=\"article\" \/>\n<meta property=\"og:title\" content=\"Deltronic W1201 Vattenvarnare 9v\" \/>\n<meta property=\"og:description\" content=\"En enkel detekteringsenhet f\u00f6r att tidigt larma om n\u00e5got l\u00e4cker vatten. Utbytbart 9V batteri.\" \/>\n<meta property=\"og:url\" content=\"https:\/\/deltronic.se\/en\/produkt\/w1201\/\" \/>\n<meta property=\"og:site_name\" content=\"Deltronic English\" \/>\n<meta property=\"article:modified_time\" content=\"2024-01-25T13:38:10+00:00\" \/>\n<meta property=\"og:image\" content=\"https:\/\/deltronic.se\/en\/wp-content\/uploads\/sites\/5\/2024\/01\/W-1201-Side.png\" \/>\n\t<meta property=\"og:image:width\" content=\"1200\" \/>\n\t<meta property=\"og:image:height\" content=\"841\" \/>\n\t<meta property=\"og:image:type\" content=\"image\/png\" \/>\n<meta name=\"twitter:card\" content=\"summary_large_image\" \/>\n<meta name=\"twitter:label1\" content=\"Price\" \/>\n\t<meta name=\"twitter:data1\" content=\"\" \/>\n\t<meta name=\"twitter:label2\" content=\"Availability\" \/>\n\t<meta name=\"twitter:data2\" content=\"Out of stock\" \/>\n<script type=\"application\/ld+json\" class=\"yoast-schema-graph\">{\"@context\":\"https:\/\/schema.org\",\"@graph\":[{\"@type\":\"WebPage\",\"@id\":\"https:\/\/deltronic.se\/en\/produkt\/w1201\/\",\"url\":\"https:\/\/deltronic.se\/en\/produkt\/w1201\/\",\"name\":\"Deltronic W1201 Vattenvarnare 9v - Deltronic English\",\"isPartOf\":{\"@id\":\"https:\/\/deltronic.se\/en\/#website\"},\"primaryImageOfPage\":{\"@id\":\"https:\/\/deltronic.se\/en\/produkt\/w1201\/#primaryimage\"},\"image\":{\"@id\":\"https:\/\/deltronic.se\/en\/produkt\/w1201\/#primaryimage\"},\"thumbnailUrl\":\"https:\/\/deltronic.se\/en\/wp-content\/uploads\/sites\/5\/2024\/01\/W-1201-Side.png\",\"datePublished\":\"2019-04-09T07:05:09+00:00\",\"dateModified\":\"2024-01-25T13:38:10+00:00\",\"breadcrumb\":{\"@id\":\"https:\/\/deltronic.se\/en\/produkt\/w1201\/#breadcrumb\"},\"inLanguage\":\"en-US\",\"potentialAction\":[{\"@type\":\"ReadAction\",\"target\":[\"https:\/\/deltronic.se\/en\/produkt\/w1201\/\"]}]},{\"@type\":\"ImageObject\",\"inLanguage\":\"en-US\",\"@id\":\"https:\/\/deltronic.se\/en\/produkt\/w1201\/#primaryimage\",\"url\":\"https:\/\/deltronic.se\/en\/wp-content\/uploads\/sites\/5\/2024\/01\/W-1201-Side.png\",\"contentUrl\":\"https:\/\/deltronic.se\/en\/wp-content\/uploads\/sites\/5\/2024\/01\/W-1201-Side.png\",\"width\":1200,\"height\":841,\"caption\":\"Sidan p\u00e5 en vattenvarnare\"},{\"@type\":\"BreadcrumbList\",\"@id\":\"https:\/\/deltronic.se\/en\/produkt\/w1201\/#breadcrumb\",\"itemListElement\":[{\"@type\":\"ListItem\",\"position\":1,\"name\":\"Home\",\"item\":\"https:\/\/deltronic.se\/en\/\"},{\"@type\":\"ListItem\",\"position\":2,\"name\":\"Shop\",\"item\":\"https:\/\/deltronic.se\/en\/shop\/\"},{\"@type\":\"ListItem\",\"position\":3,\"name\":\"Deltronic W1201 Vattenvarnare 9v\"}]},{\"@type\":\"WebSite\",\"@id\":\"https:\/\/deltronic.se\/en\/#website\",\"url\":\"https:\/\/deltronic.se\/en\/\",\"name\":\"Deltronic English\",\"description\":\"\",\"potentialAction\":[{\"@type\":\"SearchAction\",\"target\":{\"@type\":\"EntryPoint\",\"urlTemplate\":\"https:\/\/deltronic.se\/en\/?s={search_term_string}\"},\"query-input\":{\"@type\":\"PropertyValueSpecification\",\"valueRequired\":true,\"valueName\":\"search_term_string\"}}],\"inLanguage\":\"en-US\"}]}<\/script>\n<meta property=\"product:price:amount\" content=\"0.00\" \/>\n<meta property=\"product:price:currency\" content=\"SEK\" \/>\n<meta property=\"og:availability\" content=\"out of stock\" \/>\n<meta property=\"product:availability\" content=\"out of stock\" \/>\n<meta property=\"product:retailer_item_id\" content=\"30310\" \/>\n<meta property=\"product:condition\" content=\"new\" \/>\n<!-- \/ Yoast SEO Premium plugin. -->","yoast_head_json":{"title":"Deltronic W1201 Vattenvarnare 9v - Deltronic English","robots":{"index":"index","follow":"follow","max-snippet":"max-snippet:-1","max-image-preview":"max-image-preview:large","max-video-preview":"max-video-preview:-1"},"canonical":"https:\/\/deltronic.se\/en\/produkt\/w1201\/","og_locale":"en_US","og_type":"article","og_title":"Deltronic W1201 Vattenvarnare 9v","og_description":"En enkel detekteringsenhet f\u00f6r att tidigt larma om n\u00e5got l\u00e4cker vatten. Utbytbart 9V batteri.","og_url":"https:\/\/deltronic.se\/en\/produkt\/w1201\/","og_site_name":"Deltronic English","article_modified_time":"2024-01-25T13:38:10+00:00","og_image":[{"width":1200,"height":841,"url":"https:\/\/deltronic.se\/en\/wp-content\/uploads\/sites\/5\/2024\/01\/W-1201-Side.png","type":"image\/png"}],"twitter_card":"summary_large_image","twitter_misc":{"Price":"","Availability":"Out of stock"},"schema":{"@context":"https:\/\/schema.org","@graph":[{"@type":"WebPage","@id":"https:\/\/deltronic.se\/en\/produkt\/w1201\/","url":"https:\/\/deltronic.se\/en\/produkt\/w1201\/","name":"Deltronic W1201 Vattenvarnare 9v - Deltronic English","isPartOf":{"@id":"https:\/\/deltronic.se\/en\/#website"},"primaryImageOfPage":{"@id":"https:\/\/deltronic.se\/en\/produkt\/w1201\/#primaryimage"},"image":{"@id":"https:\/\/deltronic.se\/en\/produkt\/w1201\/#primaryimage"},"thumbnailUrl":"https:\/\/deltronic.se\/en\/wp-content\/uploads\/sites\/5\/2024\/01\/W-1201-Side.png","datePublished":"2019-04-09T07:05:09+00:00","dateModified":"2024-01-25T13:38:10+00:00","breadcrumb":{"@id":"https:\/\/deltronic.se\/en\/produkt\/w1201\/#breadcrumb"},"inLanguage":"en-US","potentialAction":[{"@type":"ReadAction","target":["https:\/\/deltronic.se\/en\/produkt\/w1201\/"]}]},{"@type":"ImageObject","inLanguage":"en-US","@id":"https:\/\/deltronic.se\/en\/produkt\/w1201\/#primaryimage","url":"https:\/\/deltronic.se\/en\/wp-content\/uploads\/sites\/5\/2024\/01\/W-1201-Side.png","contentUrl":"https:\/\/deltronic.se\/en\/wp-content\/uploads\/sites\/5\/2024\/01\/W-1201-Side.png","width":1200,"height":841,"caption":"Sidan p\u00e5 en vattenvarnare"},{"@type":"BreadcrumbList","@id":"https:\/\/deltronic.se\/en\/produkt\/w1201\/#breadcrumb","itemListElement":[{"@type":"ListItem","position":1,"name":"Home","item":"https:\/\/deltronic.se\/en\/"},{"@type":"ListItem","position":2,"name":"Shop","item":"https:\/\/deltronic.se\/en\/shop\/"},{"@type":"ListItem","position":3,"name":"Deltronic W1201 Vattenvarnare 9v"}]},{"@type":"WebSite","@id":"https:\/\/deltronic.se\/en\/#website","url":"https:\/\/deltronic.se\/en\/","name":"Deltronic English","description":"","potentialAction":[{"@type":"SearchAction","target":{"@type":"EntryPoint","urlTemplate":"https:\/\/deltronic.se\/en\/?s={search_term_string}"},"query-input":{"@type":"PropertyValueSpecification","valueRequired":true,"valueName":"search_term_string"}}],"inLanguage":"en-US"}]},"product_price_amount":"0.00","product_price_currency":"SEK","og_availability":"out of stock","product_availability":"out of stock","product_retailer_item_id":"30310","product_condition":"new"},"_links":{"self":[{"href":"https:\/\/deltronic.se\/en\/wp-json\/wp\/v2\/product\/1409","targetHints":{"allow":["GET"]}}],"collection":[{"href":"https:\/\/deltronic.se\/en\/wp-json\/wp\/v2\/product"}],"about":[{"href":"https:\/\/deltronic.se\/en\/wp-json\/wp\/v2\/types\/product"}],"wp:featuredmedia":[{"embeddable":true,"href":"https:\/\/deltronic.se\/en\/wp-json\/wp\/v2\/media\/2859"}],"wp:attachment":[{"href":"https:\/\/deltronic.se\/en\/wp-json\/wp\/v2\/media?parent=1409"}],"wp:term":[{"taxonomy":"varumarke","embeddable":true,"href":"https:\/\/deltronic.se\/en\/wp-json\/wp\/v2\/varumarke?post=1409"},{"taxonomy":"product_brand","embeddable":true,"href":"https:\/\/deltronic.se\/en\/wp-json\/wp\/v2\/product_brand?post=1409"},{"taxonomy":"product_cat","embeddable":true,"href":"https:\/\/deltronic.se\/en\/wp-json\/wp\/v2\/product_cat?post=1409"},{"taxonomy":"product_tag","embeddable":true,"href":"https:\/\/deltronic.se\/en\/wp-json\/wp\/v2\/product_tag?post=1409"}],"curies":[{"name":"wp","href":"https:\/\/api.w.org\/{rel}","templated":true}]}}