{"id":1370,"date":"2018-10-19T14:26:42","date_gmt":"2018-10-19T12:26:42","guid":{"rendered":"https:\/\/deltronic.se\/produkt\/htx8231\/"},"modified":"2024-01-10T17:09:41","modified_gmt":"2024-01-10T16:09:41","slug":"htx8231","status":"publish","type":"product","link":"https:\/\/deltronic.se\/en\/produkt\/htx8231\/","title":{"rendered":"Deltronic HTX8231 V\u00e4rmevarnare"},"content":{"rendered":"<p>En generation av anv\u00e4ndarv\u00e4nliga tr\u00e5dl\u00f6sa v\u00e4rmevarnare f\u00f6rsedda med ett av marknadens mest avancerade och tillf\u00f6rlitliga radiosystem. Ett bra komplement till optiska r\u00f6kvarnare.<\/p>\n<p>V\u00e4rmevarnare med pausfunktion, m\u00f6jlighet till repeater f\u00f6r f\u00f6rb\u00e4ttrad kommunikation. Inbyggt 10-\u00e5rs litiumbatteri.<\/p>\n","protected":false},"excerpt":{"rendered":"<p>En generation av anv\u00e4ndarv\u00e4nliga tr\u00e5dl\u00f6sa v\u00e4rmevarnare f\u00f6rsedda med ett av marknadens mest avancerade och tillf\u00f6rlitliga radiosystem. Ett bra komplement till optiska r\u00f6kvarnare. V\u00e4rmevarnare med pausfunktion, m\u00f6jlighet till repeater f\u00f6r f\u00f6rb\u00e4ttrad kommunikation. Inbyggt 10-\u00e5rs litiumbatteri.<\/p>\n","protected":false},"featured_media":2483,"template":"","meta":[],"varumarke":[],"product_brand":[],"product_cat":[79,115],"product_tag":[],"class_list":{"0":"post-1370","1":"product","2":"type-product","3":"status-publish","4":"has-post-thumbnail","6":"product_cat-utgmod","7":"product_cat-varmevarnare_utgagnaprodukter","9":"first","10":"outofstock","11":"taxable","12":"shipping-taxable","13":"product-type-simple"},"yoast_head":"<!-- This site is optimized with the Yoast SEO Premium plugin v25.8 (Yoast SEO v25.8) - https:\/\/yoast.com\/wordpress\/plugins\/seo\/ -->\n<title>Deltronic HTX8231 V\u00e4rmevarnare - Deltronic English<\/title>\n<meta name=\"robots\" content=\"index, follow, max-snippet:-1, max-image-preview:large, max-video-preview:-1\" \/>\n<link rel=\"canonical\" href=\"https:\/\/deltronic.se\/en\/produkt\/htx8231\/\" \/>\n<meta property=\"og:locale\" content=\"en_US\" \/>\n<meta property=\"og:type\" content=\"article\" \/>\n<meta property=\"og:title\" content=\"Deltronic HTX8231 V\u00e4rmevarnare\" \/>\n<meta property=\"og:description\" content=\"En generation av anv\u00e4ndarv\u00e4nliga tr\u00e5dl\u00f6sa v\u00e4rmevarnare f\u00f6rsedda med ett av marknadens mest avancerade och tillf\u00f6rlitliga radiosystem. Ett bra komplement till optiska r\u00f6kvarnare. V\u00e4rmevarnare med pausfunktion, m\u00f6jlighet till repeater f\u00f6r f\u00f6rb\u00e4ttrad kommunikation. Inbyggt 10-\u00e5rs litiumbatteri.\" \/>\n<meta property=\"og:url\" content=\"https:\/\/deltronic.se\/en\/produkt\/htx8231\/\" \/>\n<meta property=\"og:site_name\" content=\"Deltronic English\" \/>\n<meta property=\"article:modified_time\" content=\"2024-01-10T16:09:41+00:00\" \/>\n<meta property=\"og:image\" content=\"https:\/\/deltronic.se\/en\/wp-content\/uploads\/sites\/5\/2024\/01\/PX82-Series_front.png\" \/>\n\t<meta property=\"og:image:width\" content=\"1197\" \/>\n\t<meta property=\"og:image:height\" content=\"1200\" \/>\n\t<meta property=\"og:image:type\" content=\"image\/png\" \/>\n<meta name=\"twitter:card\" content=\"summary_large_image\" \/>\n<meta name=\"twitter:label1\" content=\"Price\" \/>\n\t<meta name=\"twitter:data1\" content=\"\" \/>\n\t<meta name=\"twitter:label2\" content=\"Availability\" \/>\n\t<meta name=\"twitter:data2\" content=\"Out of stock\" \/>\n<script type=\"application\/ld+json\" class=\"yoast-schema-graph\">{\"@context\":\"https:\/\/schema.org\",\"@graph\":[{\"@type\":\"WebPage\",\"@id\":\"https:\/\/deltronic.se\/en\/produkt\/htx8231\/\",\"url\":\"https:\/\/deltronic.se\/en\/produkt\/htx8231\/\",\"name\":\"Deltronic HTX8231 V\u00e4rmevarnare - Deltronic English\",\"isPartOf\":{\"@id\":\"https:\/\/deltronic.se\/en\/#website\"},\"primaryImageOfPage\":{\"@id\":\"https:\/\/deltronic.se\/en\/produkt\/htx8231\/#primaryimage\"},\"image\":{\"@id\":\"https:\/\/deltronic.se\/en\/produkt\/htx8231\/#primaryimage\"},\"thumbnailUrl\":\"https:\/\/deltronic.se\/en\/wp-content\/uploads\/sites\/5\/2024\/01\/PX82-Series_front.png\",\"datePublished\":\"2018-10-19T12:26:42+00:00\",\"dateModified\":\"2024-01-10T16:09:41+00:00\",\"breadcrumb\":{\"@id\":\"https:\/\/deltronic.se\/en\/produkt\/htx8231\/#breadcrumb\"},\"inLanguage\":\"en-US\",\"potentialAction\":[{\"@type\":\"ReadAction\",\"target\":[\"https:\/\/deltronic.se\/en\/produkt\/htx8231\/\"]}]},{\"@type\":\"ImageObject\",\"inLanguage\":\"en-US\",\"@id\":\"https:\/\/deltronic.se\/en\/produkt\/htx8231\/#primaryimage\",\"url\":\"https:\/\/deltronic.se\/en\/wp-content\/uploads\/sites\/5\/2024\/01\/PX82-Series_front.png\",\"contentUrl\":\"https:\/\/deltronic.se\/en\/wp-content\/uploads\/sites\/5\/2024\/01\/PX82-Series_front.png\",\"width\":1197,\"height\":1200,\"caption\":\"Framsida av brandvarnare\"},{\"@type\":\"BreadcrumbList\",\"@id\":\"https:\/\/deltronic.se\/en\/produkt\/htx8231\/#breadcrumb\",\"itemListElement\":[{\"@type\":\"ListItem\",\"position\":1,\"name\":\"Home\",\"item\":\"https:\/\/deltronic.se\/en\/\"},{\"@type\":\"ListItem\",\"position\":2,\"name\":\"Shop\",\"item\":\"https:\/\/deltronic.se\/en\/shop\/\"},{\"@type\":\"ListItem\",\"position\":3,\"name\":\"Deltronic HTX8231 V\u00e4rmevarnare\"}]},{\"@type\":\"WebSite\",\"@id\":\"https:\/\/deltronic.se\/en\/#website\",\"url\":\"https:\/\/deltronic.se\/en\/\",\"name\":\"Deltronic English\",\"description\":\"\",\"potentialAction\":[{\"@type\":\"SearchAction\",\"target\":{\"@type\":\"EntryPoint\",\"urlTemplate\":\"https:\/\/deltronic.se\/en\/?s={search_term_string}\"},\"query-input\":{\"@type\":\"PropertyValueSpecification\",\"valueRequired\":true,\"valueName\":\"search_term_string\"}}],\"inLanguage\":\"en-US\"}]}<\/script>\n<meta property=\"product:price:amount\" content=\"0.00\" \/>\n<meta property=\"product:price:currency\" content=\"SEK\" \/>\n<meta property=\"og:availability\" content=\"out of stock\" \/>\n<meta property=\"product:availability\" content=\"out of stock\" \/>\n<meta property=\"product:retailer_item_id\" content=\"10476\" \/>\n<meta property=\"product:condition\" content=\"new\" \/>\n<!-- \/ Yoast SEO Premium plugin. -->","yoast_head_json":{"title":"Deltronic HTX8231 V\u00e4rmevarnare - Deltronic English","robots":{"index":"index","follow":"follow","max-snippet":"max-snippet:-1","max-image-preview":"max-image-preview:large","max-video-preview":"max-video-preview:-1"},"canonical":"https:\/\/deltronic.se\/en\/produkt\/htx8231\/","og_locale":"en_US","og_type":"article","og_title":"Deltronic HTX8231 V\u00e4rmevarnare","og_description":"En generation av anv\u00e4ndarv\u00e4nliga tr\u00e5dl\u00f6sa v\u00e4rmevarnare f\u00f6rsedda med ett av marknadens mest avancerade och tillf\u00f6rlitliga radiosystem. Ett bra komplement till optiska r\u00f6kvarnare. V\u00e4rmevarnare med pausfunktion, m\u00f6jlighet till repeater f\u00f6r f\u00f6rb\u00e4ttrad kommunikation. Inbyggt 10-\u00e5rs litiumbatteri.","og_url":"https:\/\/deltronic.se\/en\/produkt\/htx8231\/","og_site_name":"Deltronic English","article_modified_time":"2024-01-10T16:09:41+00:00","og_image":[{"width":1197,"height":1200,"url":"https:\/\/deltronic.se\/en\/wp-content\/uploads\/sites\/5\/2024\/01\/PX82-Series_front.png","type":"image\/png"}],"twitter_card":"summary_large_image","twitter_misc":{"Price":"","Availability":"Out of stock"},"schema":{"@context":"https:\/\/schema.org","@graph":[{"@type":"WebPage","@id":"https:\/\/deltronic.se\/en\/produkt\/htx8231\/","url":"https:\/\/deltronic.se\/en\/produkt\/htx8231\/","name":"Deltronic HTX8231 V\u00e4rmevarnare - Deltronic English","isPartOf":{"@id":"https:\/\/deltronic.se\/en\/#website"},"primaryImageOfPage":{"@id":"https:\/\/deltronic.se\/en\/produkt\/htx8231\/#primaryimage"},"image":{"@id":"https:\/\/deltronic.se\/en\/produkt\/htx8231\/#primaryimage"},"thumbnailUrl":"https:\/\/deltronic.se\/en\/wp-content\/uploads\/sites\/5\/2024\/01\/PX82-Series_front.png","datePublished":"2018-10-19T12:26:42+00:00","dateModified":"2024-01-10T16:09:41+00:00","breadcrumb":{"@id":"https:\/\/deltronic.se\/en\/produkt\/htx8231\/#breadcrumb"},"inLanguage":"en-US","potentialAction":[{"@type":"ReadAction","target":["https:\/\/deltronic.se\/en\/produkt\/htx8231\/"]}]},{"@type":"ImageObject","inLanguage":"en-US","@id":"https:\/\/deltronic.se\/en\/produkt\/htx8231\/#primaryimage","url":"https:\/\/deltronic.se\/en\/wp-content\/uploads\/sites\/5\/2024\/01\/PX82-Series_front.png","contentUrl":"https:\/\/deltronic.se\/en\/wp-content\/uploads\/sites\/5\/2024\/01\/PX82-Series_front.png","width":1197,"height":1200,"caption":"Framsida av brandvarnare"},{"@type":"BreadcrumbList","@id":"https:\/\/deltronic.se\/en\/produkt\/htx8231\/#breadcrumb","itemListElement":[{"@type":"ListItem","position":1,"name":"Home","item":"https:\/\/deltronic.se\/en\/"},{"@type":"ListItem","position":2,"name":"Shop","item":"https:\/\/deltronic.se\/en\/shop\/"},{"@type":"ListItem","position":3,"name":"Deltronic HTX8231 V\u00e4rmevarnare"}]},{"@type":"WebSite","@id":"https:\/\/deltronic.se\/en\/#website","url":"https:\/\/deltronic.se\/en\/","name":"Deltronic English","description":"","potentialAction":[{"@type":"SearchAction","target":{"@type":"EntryPoint","urlTemplate":"https:\/\/deltronic.se\/en\/?s={search_term_string}"},"query-input":{"@type":"PropertyValueSpecification","valueRequired":true,"valueName":"search_term_string"}}],"inLanguage":"en-US"}]},"product_price_amount":"0.00","product_price_currency":"SEK","og_availability":"out of stock","product_availability":"out of stock","product_retailer_item_id":"10476","product_condition":"new"},"_links":{"self":[{"href":"https:\/\/deltronic.se\/en\/wp-json\/wp\/v2\/product\/1370","targetHints":{"allow":["GET"]}}],"collection":[{"href":"https:\/\/deltronic.se\/en\/wp-json\/wp\/v2\/product"}],"about":[{"href":"https:\/\/deltronic.se\/en\/wp-json\/wp\/v2\/types\/product"}],"wp:featuredmedia":[{"embeddable":true,"href":"https:\/\/deltronic.se\/en\/wp-json\/wp\/v2\/media\/2483"}],"wp:attachment":[{"href":"https:\/\/deltronic.se\/en\/wp-json\/wp\/v2\/media?parent=1370"}],"wp:term":[{"taxonomy":"varumarke","embeddable":true,"href":"https:\/\/deltronic.se\/en\/wp-json\/wp\/v2\/varumarke?post=1370"},{"taxonomy":"product_brand","embeddable":true,"href":"https:\/\/deltronic.se\/en\/wp-json\/wp\/v2\/product_brand?post=1370"},{"taxonomy":"product_cat","embeddable":true,"href":"https:\/\/deltronic.se\/en\/wp-json\/wp\/v2\/product_cat?post=1370"},{"taxonomy":"product_tag","embeddable":true,"href":"https:\/\/deltronic.se\/en\/wp-json\/wp\/v2\/product_tag?post=1370"}],"curies":[{"name":"wp","href":"https:\/\/api.w.org\/{rel}","templated":true}]}}