{"id":1365,"date":"2018-10-18T11:52:25","date_gmt":"2018-10-18T09:52:25","guid":{"rendered":"https:\/\/deltronic.se\/produkt\/h10irf2\/"},"modified":"2025-11-19T15:56:11","modified_gmt":"2025-11-19T14:56:11","slug":"h10irf2","status":"publish","type":"product","link":"https:\/\/deltronic.se\/en\/produkt\/h10irf2\/","title":{"rendered":"Deltronic H10iRF2 Tr\u00e5dl\u00f6s V\u00e4rmevarnare"},"content":{"rendered":"<p>Deltronic H10iRF2 \u00e4r den senaste generationen v\u00e4rmevarnare med s\u00e4kerhet och anv\u00e4ndarv\u00e4nlighet i fokus. V\u00e4rmevarnaren har ett inbyggt batteri med en garanterad livsl\u00e4ngd p\u00e5 10 \u00e5r, vilket inneb\u00e4r att anv\u00e4ndaren inte beh\u00f6ver t\u00e4nka p\u00e5 batteribyten.<\/p>\n<p>Med v\u00e4rmevarnaren medf\u00f6ljer en radiosockel med eget batteri. Diverse innovativa funktioner som flera monteringsm\u00f6jligheter, automatisk uppstart vid montage, pausfunktion, sj\u00e4lv\u00f6vervakning med mera g\u00f6r att v\u00e4rmevarnaren \u00e4r mycket enkel att anv\u00e4nda.<\/p>\n","protected":false},"excerpt":{"rendered":"<p>Deltronic H10iRF2 \u00e4r den senaste generationen v\u00e4rmevarnare med s\u00e4kerhet och anv\u00e4ndarv\u00e4nlighet i fokus. V\u00e4rmevarnaren har ett inbyggt batteri med en garanterad livsl\u00e4ngd p\u00e5 10 \u00e5r, vilket inneb\u00e4r att anv\u00e4ndaren inte beh\u00f6ver t\u00e4nka p\u00e5 batteribyten. Med v\u00e4rmevarnaren medf\u00f6ljer en radiosockel med eget batteri. Diverse innovativa funktioner som flera monteringsm\u00f6jligheter, automatisk uppstart vid montage, pausfunktion, sj\u00e4lv\u00f6vervakning med [&hellip;]<\/p>\n","protected":false},"featured_media":4207,"template":"","meta":[],"varumarke":[],"product_brand":[],"product_cat":[79,115],"product_tag":[],"class_list":{"0":"post-1365","1":"product","2":"type-product","3":"status-publish","4":"has-post-thumbnail","6":"product_cat-utgmod","7":"product_cat-varmevarnare_utgagnaprodukter","9":"first","10":"outofstock","11":"taxable","12":"shipping-taxable","13":"product-type-simple"},"yoast_head":"<!-- This site is optimized with the Yoast SEO Premium plugin v25.8 (Yoast SEO v25.8) - https:\/\/yoast.com\/wordpress\/plugins\/seo\/ -->\n<title>Deltronic H10iRF2 Tr\u00e5dl\u00f6s V\u00e4rmevarnare - Deltronic English<\/title>\n<meta name=\"robots\" content=\"index, follow, max-snippet:-1, max-image-preview:large, max-video-preview:-1\" \/>\n<link rel=\"canonical\" href=\"https:\/\/deltronic.se\/en\/produkt\/h10irf2\/\" \/>\n<meta property=\"og:locale\" content=\"en_US\" \/>\n<meta property=\"og:type\" content=\"article\" \/>\n<meta property=\"og:title\" content=\"Deltronic H10iRF2 Tr\u00e5dl\u00f6s V\u00e4rmevarnare\" \/>\n<meta property=\"og:description\" content=\"Deltronic H10iRF2 \u00e4r den senaste generationen v\u00e4rmevarnare med s\u00e4kerhet och anv\u00e4ndarv\u00e4nlighet i fokus. V\u00e4rmevarnaren har ett inbyggt batteri med en garanterad livsl\u00e4ngd p\u00e5 10 \u00e5r, vilket inneb\u00e4r att anv\u00e4ndaren inte beh\u00f6ver t\u00e4nka p\u00e5 batteribyten. Med v\u00e4rmevarnaren medf\u00f6ljer en radiosockel med eget batteri. Diverse innovativa funktioner som flera monteringsm\u00f6jligheter, automatisk uppstart vid montage, pausfunktion, sj\u00e4lv\u00f6vervakning med [&hellip;]\" \/>\n<meta property=\"og:url\" content=\"https:\/\/deltronic.se\/en\/produkt\/h10irf2\/\" \/>\n<meta property=\"og:site_name\" content=\"Deltronic English\" \/>\n<meta property=\"article:modified_time\" content=\"2025-11-19T14:56:11+00:00\" \/>\n<meta property=\"og:image\" content=\"https:\/\/deltronic.se\/en\/wp-content\/uploads\/sites\/5\/2018\/10\/H10i_1.png\" \/>\n\t<meta property=\"og:image:width\" content=\"1200\" \/>\n\t<meta property=\"og:image:height\" content=\"1200\" \/>\n\t<meta property=\"og:image:type\" content=\"image\/png\" \/>\n<meta name=\"twitter:card\" content=\"summary_large_image\" \/>\n<meta name=\"twitter:label1\" content=\"Price\" \/>\n\t<meta name=\"twitter:data1\" content=\"\" \/>\n\t<meta name=\"twitter:label2\" content=\"Availability\" \/>\n\t<meta name=\"twitter:data2\" content=\"Out of stock\" \/>\n<script type=\"application\/ld+json\" class=\"yoast-schema-graph\">{\"@context\":\"https:\/\/schema.org\",\"@graph\":[{\"@type\":\"WebPage\",\"@id\":\"https:\/\/deltronic.se\/en\/produkt\/h10irf2\/\",\"url\":\"https:\/\/deltronic.se\/en\/produkt\/h10irf2\/\",\"name\":\"Deltronic H10iRF2 Tr\u00e5dl\u00f6s V\u00e4rmevarnare - Deltronic English\",\"isPartOf\":{\"@id\":\"https:\/\/deltronic.se\/en\/#website\"},\"primaryImageOfPage\":{\"@id\":\"https:\/\/deltronic.se\/en\/produkt\/h10irf2\/#primaryimage\"},\"image\":{\"@id\":\"https:\/\/deltronic.se\/en\/produkt\/h10irf2\/#primaryimage\"},\"thumbnailUrl\":\"https:\/\/deltronic.se\/en\/wp-content\/uploads\/sites\/5\/2018\/10\/H10i_1.png\",\"datePublished\":\"2018-10-18T09:52:25+00:00\",\"dateModified\":\"2025-11-19T14:56:11+00:00\",\"breadcrumb\":{\"@id\":\"https:\/\/deltronic.se\/en\/produkt\/h10irf2\/#breadcrumb\"},\"inLanguage\":\"en-US\",\"potentialAction\":[{\"@type\":\"ReadAction\",\"target\":[\"https:\/\/deltronic.se\/en\/produkt\/h10irf2\/\"]}]},{\"@type\":\"ImageObject\",\"inLanguage\":\"en-US\",\"@id\":\"https:\/\/deltronic.se\/en\/produkt\/h10irf2\/#primaryimage\",\"url\":\"https:\/\/deltronic.se\/en\/wp-content\/uploads\/sites\/5\/2018\/10\/H10i_1.png\",\"contentUrl\":\"https:\/\/deltronic.se\/en\/wp-content\/uploads\/sites\/5\/2018\/10\/H10i_1.png\",\"width\":1200,\"height\":1200},{\"@type\":\"BreadcrumbList\",\"@id\":\"https:\/\/deltronic.se\/en\/produkt\/h10irf2\/#breadcrumb\",\"itemListElement\":[{\"@type\":\"ListItem\",\"position\":1,\"name\":\"Home\",\"item\":\"https:\/\/deltronic.se\/en\/\"},{\"@type\":\"ListItem\",\"position\":2,\"name\":\"Shop\",\"item\":\"https:\/\/deltronic.se\/en\/shop\/\"},{\"@type\":\"ListItem\",\"position\":3,\"name\":\"Deltronic H10iRF2 Tr\u00e5dl\u00f6s V\u00e4rmevarnare\"}]},{\"@type\":\"WebSite\",\"@id\":\"https:\/\/deltronic.se\/en\/#website\",\"url\":\"https:\/\/deltronic.se\/en\/\",\"name\":\"Deltronic English\",\"description\":\"\",\"potentialAction\":[{\"@type\":\"SearchAction\",\"target\":{\"@type\":\"EntryPoint\",\"urlTemplate\":\"https:\/\/deltronic.se\/en\/?s={search_term_string}\"},\"query-input\":{\"@type\":\"PropertyValueSpecification\",\"valueRequired\":true,\"valueName\":\"search_term_string\"}}],\"inLanguage\":\"en-US\"}]}<\/script>\n<meta property=\"product:price:amount\" content=\"0.00\" \/>\n<meta property=\"product:price:currency\" content=\"SEK\" \/>\n<meta property=\"og:availability\" content=\"out of stock\" \/>\n<meta property=\"product:availability\" content=\"out of stock\" \/>\n<meta property=\"product:retailer_item_id\" content=\"10445\" \/>\n<meta property=\"product:condition\" content=\"new\" \/>\n<!-- \/ Yoast SEO Premium plugin. -->","yoast_head_json":{"title":"Deltronic H10iRF2 Tr\u00e5dl\u00f6s V\u00e4rmevarnare - Deltronic English","robots":{"index":"index","follow":"follow","max-snippet":"max-snippet:-1","max-image-preview":"max-image-preview:large","max-video-preview":"max-video-preview:-1"},"canonical":"https:\/\/deltronic.se\/en\/produkt\/h10irf2\/","og_locale":"en_US","og_type":"article","og_title":"Deltronic H10iRF2 Tr\u00e5dl\u00f6s V\u00e4rmevarnare","og_description":"Deltronic H10iRF2 \u00e4r den senaste generationen v\u00e4rmevarnare med s\u00e4kerhet och anv\u00e4ndarv\u00e4nlighet i fokus. V\u00e4rmevarnaren har ett inbyggt batteri med en garanterad livsl\u00e4ngd p\u00e5 10 \u00e5r, vilket inneb\u00e4r att anv\u00e4ndaren inte beh\u00f6ver t\u00e4nka p\u00e5 batteribyten. Med v\u00e4rmevarnaren medf\u00f6ljer en radiosockel med eget batteri. Diverse innovativa funktioner som flera monteringsm\u00f6jligheter, automatisk uppstart vid montage, pausfunktion, sj\u00e4lv\u00f6vervakning med [&hellip;]","og_url":"https:\/\/deltronic.se\/en\/produkt\/h10irf2\/","og_site_name":"Deltronic English","article_modified_time":"2025-11-19T14:56:11+00:00","og_image":[{"width":1200,"height":1200,"url":"https:\/\/deltronic.se\/en\/wp-content\/uploads\/sites\/5\/2018\/10\/H10i_1.png","type":"image\/png"}],"twitter_card":"summary_large_image","twitter_misc":{"Price":"","Availability":"Out of stock"},"schema":{"@context":"https:\/\/schema.org","@graph":[{"@type":"WebPage","@id":"https:\/\/deltronic.se\/en\/produkt\/h10irf2\/","url":"https:\/\/deltronic.se\/en\/produkt\/h10irf2\/","name":"Deltronic H10iRF2 Tr\u00e5dl\u00f6s V\u00e4rmevarnare - Deltronic English","isPartOf":{"@id":"https:\/\/deltronic.se\/en\/#website"},"primaryImageOfPage":{"@id":"https:\/\/deltronic.se\/en\/produkt\/h10irf2\/#primaryimage"},"image":{"@id":"https:\/\/deltronic.se\/en\/produkt\/h10irf2\/#primaryimage"},"thumbnailUrl":"https:\/\/deltronic.se\/en\/wp-content\/uploads\/sites\/5\/2018\/10\/H10i_1.png","datePublished":"2018-10-18T09:52:25+00:00","dateModified":"2025-11-19T14:56:11+00:00","breadcrumb":{"@id":"https:\/\/deltronic.se\/en\/produkt\/h10irf2\/#breadcrumb"},"inLanguage":"en-US","potentialAction":[{"@type":"ReadAction","target":["https:\/\/deltronic.se\/en\/produkt\/h10irf2\/"]}]},{"@type":"ImageObject","inLanguage":"en-US","@id":"https:\/\/deltronic.se\/en\/produkt\/h10irf2\/#primaryimage","url":"https:\/\/deltronic.se\/en\/wp-content\/uploads\/sites\/5\/2018\/10\/H10i_1.png","contentUrl":"https:\/\/deltronic.se\/en\/wp-content\/uploads\/sites\/5\/2018\/10\/H10i_1.png","width":1200,"height":1200},{"@type":"BreadcrumbList","@id":"https:\/\/deltronic.se\/en\/produkt\/h10irf2\/#breadcrumb","itemListElement":[{"@type":"ListItem","position":1,"name":"Home","item":"https:\/\/deltronic.se\/en\/"},{"@type":"ListItem","position":2,"name":"Shop","item":"https:\/\/deltronic.se\/en\/shop\/"},{"@type":"ListItem","position":3,"name":"Deltronic H10iRF2 Tr\u00e5dl\u00f6s V\u00e4rmevarnare"}]},{"@type":"WebSite","@id":"https:\/\/deltronic.se\/en\/#website","url":"https:\/\/deltronic.se\/en\/","name":"Deltronic English","description":"","potentialAction":[{"@type":"SearchAction","target":{"@type":"EntryPoint","urlTemplate":"https:\/\/deltronic.se\/en\/?s={search_term_string}"},"query-input":{"@type":"PropertyValueSpecification","valueRequired":true,"valueName":"search_term_string"}}],"inLanguage":"en-US"}]},"product_price_amount":"0.00","product_price_currency":"SEK","og_availability":"out of stock","product_availability":"out of stock","product_retailer_item_id":"10445","product_condition":"new"},"_links":{"self":[{"href":"https:\/\/deltronic.se\/en\/wp-json\/wp\/v2\/product\/1365","targetHints":{"allow":["GET"]}}],"collection":[{"href":"https:\/\/deltronic.se\/en\/wp-json\/wp\/v2\/product"}],"about":[{"href":"https:\/\/deltronic.se\/en\/wp-json\/wp\/v2\/types\/product"}],"wp:featuredmedia":[{"embeddable":true,"href":"https:\/\/deltronic.se\/en\/wp-json\/wp\/v2\/media\/4207"}],"wp:attachment":[{"href":"https:\/\/deltronic.se\/en\/wp-json\/wp\/v2\/media?parent=1365"}],"wp:term":[{"taxonomy":"varumarke","embeddable":true,"href":"https:\/\/deltronic.se\/en\/wp-json\/wp\/v2\/varumarke?post=1365"},{"taxonomy":"product_brand","embeddable":true,"href":"https:\/\/deltronic.se\/en\/wp-json\/wp\/v2\/product_brand?post=1365"},{"taxonomy":"product_cat","embeddable":true,"href":"https:\/\/deltronic.se\/en\/wp-json\/wp\/v2\/product_cat?post=1365"},{"taxonomy":"product_tag","embeddable":true,"href":"https:\/\/deltronic.se\/en\/wp-json\/wp\/v2\/product_tag?post=1365"}],"curies":[{"name":"wp","href":"https:\/\/api.w.org\/{rel}","templated":true}]}}